{"id":1284,"date":"2026-04-09T07:19:57","date_gmt":"2026-04-09T07:19:57","guid":{"rendered":"https:\/\/calmanelet.es\/?page_id=1284"},"modified":"2026-04-09T07:35:40","modified_gmt":"2026-04-09T07:35:40","slug":"braserias-en-canyelles","status":"publish","type":"page","link":"https:\/\/calmanelet.es\/es\/braserias-en-canyelles\/","title":{"rendered":"Braserias en Canyelles"},"content":{"rendered":"<p>[et_pb_section fb_built=&#8221;1&#8243; _builder_version=&#8221;4.11.2&#8243; _module_preset=&#8221;default&#8221; background_image=&#8221;https:\/\/calmanelet.es\/wp-content\/uploads\/2026\/04\/braserias-en-canyelles.jpg&#8221; custom_padding=&#8221;84px||64px|||&#8221; hover_enabled=&#8221;0&#8243; locked=&#8221;off&#8221; global_colors_info=&#8221;{}&#8221; title_text=&#8221;braserias-en-canyelles&#8221; sticky_enabled=&#8221;0&#8243;][et_pb_row _builder_version=&#8221;4.17.4&#8243; _module_preset=&#8221;default&#8221; custom_margin=&#8221;8vh|auto||auto|false|false&#8221; custom_margin_tablet=&#8221;&#8221; custom_margin_phone=&#8221;&#8221; custom_margin_last_edited=&#8221;on|phone&#8221; global_colors_info=&#8221;{}&#8221;][et_pb_column type=&#8221;4_4&#8243; _builder_version=&#8221;4.16&#8243; _module_preset=&#8221;default&#8221; global_colors_info=&#8221;{}&#8221;][et_pb_text _builder_version=&#8221;4.11.2&#8243; _module_preset=&#8221;default&#8221; text_text_color=&#8221;#FFFFFF&#8221; text_font_size=&#8221;24px&#8221; text_line_height=&#8221;1.9em&#8221; header_text_align=&#8221;center&#8221; header_text_color=&#8221;#FFFFFF&#8221; background_color=&#8221;rgba(0,0,0,0.36)&#8221; custom_margin=&#8221;2em||||false|false&#8221; custom_padding=&#8221;2em|1em||1em|false|true&#8221; text_font_size_tablet=&#8221;22px&#8221; text_font_size_phone=&#8221;20px&#8221; text_font_size_last_edited=&#8221;on|tablet&#8221; header_text_align_tablet=&#8221;center&#8221; header_text_align_phone=&#8221;&#8221; header_text_align_last_edited=&#8221;on|desktop&#8221; global_colors_info=&#8221;{}&#8221;]<\/p>\n<h1 style=\"text-align: center;\"><strong>Braser\u00edas en Canyelles<\/strong><\/h1>\n<p data-start=\"146\" data-end=\"494\">En <strong data-start=\"149\" data-end=\"164\">Cal Manelet<\/strong>, te ofrecemos una experiencia gastron\u00f3mica aut\u00e9ntica dentro de las mejores braser\u00edas en Canyelles. Nuestro restaurante destaca por su cocina a la brasa, ingredientes de calidad y un ambiente acogedor ideal para disfrutar en pareja, familia o con amigos. Si buscas sabor tradicional con un toque \u00fanico, est\u00e1s en el lugar perfecto.<\/p>\n<p>&nbsp;<\/p>\n<p>[\/et_pb_text][et_pb_button button_url=&#8221;@ET-DC@eyJkeW5hbWljIjp0cnVlLCJjb250ZW50IjoicG9zdF9saW5rX3VybF9wYWdlIiwic2V0dGluZ3MiOnsicG9zdF9pZCI6IjIifX0=@&#8221; button_text=&#8221;Reserva la teva taula&#8221; button_alignment=&#8221;center&#8221; _builder_version=&#8221;4.17.4&#8243; _dynamic_attributes=&#8221;button_url&#8221; _module_preset=&#8221;default&#8221; custom_button=&#8221;on&#8221; button_text_color=&#8221;#FFFFFF&#8221; button_bg_color=&#8221;#000000&#8243; button_border_width=&#8221;0px&#8221; global_colors_info=&#8221;{}&#8221;][\/et_pb_button][\/et_pb_column][\/et_pb_row][\/et_pb_section][et_pb_section fb_built=&#8221;1&#8243; _builder_version=&#8221;4.17.4&#8243; _module_preset=&#8221;default&#8221; locked=&#8221;off&#8221; global_colors_info=&#8221;{}&#8221;][et_pb_row column_structure=&#8221;1_2,1_2&#8243; _builder_version=&#8221;4.16&#8243; _module_preset=&#8221;default&#8221; width=&#8221;90%&#8221; max_width=&#8221;1400px&#8221; module_alignment=&#8221;center&#8221; global_colors_info=&#8221;{}&#8221;][et_pb_column type=&#8221;1_2&#8243; _builder_version=&#8221;4.16&#8243; _module_preset=&#8221;default&#8221; global_colors_info=&#8221;{}&#8221;][et_pb_text _builder_version=&#8221;4.11.2&#8243; _module_preset=&#8221;default&#8221; text_font_size=&#8221;16px&#8221; hover_enabled=&#8221;0&#8243; global_colors_info=&#8221;{}&#8221; sticky_enabled=&#8221;0&#8243;]<\/p>\n<h2><strong>La mejor experiencia de braser\u00eda en Canyelles<\/strong><\/h2>\n<p data-start=\"551\" data-end=\"997\">Si est\u00e1s buscando braser\u00edas en Canyelles donde disfrutar de carne a la brasa en su punto perfecto, en Cal Manelet cuidamos cada detalle para ofrecerte una experiencia completa. Trabajamos con productos frescos y seleccionados, apostando por carnes de primera calidad que se cocinan lentamente al fuego, respetando su sabor y textura. Nuestro equipo se encarga de que cada plato llegue a tu mesa con el equilibrio perfecto entre tradici\u00f3n y sabor.<\/p>\n<p data-start=\"999\" data-end=\"1290\">Adem\u00e1s, nuestro espacio est\u00e1 pensado para que te sientas como en casa. Desde el momento en que entras, el aroma de la brasa y el ambiente c\u00e1lido hacen que la experiencia sea mucho m\u00e1s que una simple comida. Nos esforzamos por convertir cada visita en un momento especial que quieras repetir.<\/p>\n<p>[\/et_pb_text][\/et_pb_column][et_pb_column type=&#8221;1_2&#8243; _builder_version=&#8221;4.16&#8243; _module_preset=&#8221;default&#8221; global_colors_info=&#8221;{}&#8221;][et_pb_image src=&#8221;https:\/\/calmanelet.es\/wp-content\/uploads\/2026\/04\/braserias-en-canyelles-2.jpg&#8221; _builder_version=&#8221;4.11.2&#8243; _module_preset=&#8221;default&#8221; title_text=&#8221;braserias-en-canyelles-2&#8243; hover_enabled=&#8221;0&#8243; sticky_enabled=&#8221;0&#8243; max_width=&#8221;100%&#8221; width=&#8221;70%&#8221;][\/et_pb_image][\/et_pb_column][\/et_pb_row][et_pb_row column_structure=&#8221;1_2,1_2&#8243; _builder_version=&#8221;4.17.4&#8243; _module_preset=&#8221;default&#8221; width=&#8221;90%&#8221; max_width=&#8221;1400px&#8221; module_alignment=&#8221;center&#8221; global_colors_info=&#8221;{}&#8221;][et_pb_column type=&#8221;1_2&#8243; _builder_version=&#8221;4.16&#8243; _module_preset=&#8221;default&#8221; global_colors_info=&#8221;{}&#8221;][et_pb_image src=&#8221;https:\/\/calmanelet.es\/wp-content\/uploads\/2026\/04\/braserias-en-canyelles-3.jpg&#8221; _builder_version=&#8221;4.11.2&#8243; _module_preset=&#8221;default&#8221; title_text=&#8221;braserias-en-canyelles-3&#8243; width=&#8221;70%&#8221; hover_enabled=&#8221;0&#8243; sticky_enabled=&#8221;0&#8243;][\/et_pb_image][\/et_pb_column][et_pb_column type=&#8221;1_2&#8243; _builder_version=&#8221;4.16&#8243; _module_preset=&#8221;default&#8221; global_colors_info=&#8221;{}&#8221;][et_pb_text _builder_version=&#8221;4.11.2&#8243; _module_preset=&#8221;default&#8221; text_font_size=&#8221;16px&#8221; hover_enabled=&#8221;0&#8243; global_colors_info=&#8221;{}&#8221; sticky_enabled=&#8221;0&#8243;]<\/p>\n<h2><strong>Cocina tradicional con el sabor de la brasa<\/strong><\/h2>\n<p data-start=\"1345\" data-end=\"1723\">En Cal Manelet apostamos por una cocina tradicional catalana, donde la brasa es la protagonista. Nuestra carta incluye una gran variedad de platos elaborados con recetas de siempre, combinando t\u00e9cnicas cl\u00e1sicas con un toque actual para sorprender a todos los paladares. Desde carnes jugosas hasta acompa\u00f1amientos caseros, cada opci\u00f3n est\u00e1 pensada para ofrecer la m\u00e1xima calidad.<\/p>\n<p data-start=\"1725\" data-end=\"2042\">El secreto de nuestro \u00e9xito est\u00e1 en la sencillez bien ejecutada. Utilizamos ingredientes de proximidad y cuidamos cada proceso de elaboraci\u00f3n para mantener la autenticidad de los sabores. Esto nos posiciona como una de las opciones m\u00e1s destacadas entre las braser\u00edas en Canyelles para quienes valoran la buena cocina.<\/p>\n<p>[\/et_pb_text][\/et_pb_column][\/et_pb_row][et_pb_row column_structure=&#8221;1_2,1_2&#8243; _builder_version=&#8221;4.17.4&#8243; _module_preset=&#8221;default&#8221; width=&#8221;90%&#8221; max_width=&#8221;1400px&#8221; module_alignment=&#8221;center&#8221; global_colors_info=&#8221;{}&#8221;][et_pb_column type=&#8221;1_2&#8243; _builder_version=&#8221;4.16&#8243; _module_preset=&#8221;default&#8221; global_colors_info=&#8221;{}&#8221;][et_pb_text _builder_version=&#8221;4.11.2&#8243; _module_preset=&#8221;default&#8221; text_font_size=&#8221;16px&#8221; hover_enabled=&#8221;0&#8243; global_colors_info=&#8221;{}&#8221; sticky_enabled=&#8221;0&#8243;]<\/p>\n<h2><strong>Un lugar ideal para cualquier ocasi\u00f3n<\/strong><\/h2>\n<p data-start=\"2091\" data-end=\"2414\">Cal Manelet no es solo un restaurante, es el sitio perfecto para celebrar momentos importantes o simplemente disfrutar de una buena comida. Ya sea una comida familiar, una cena con amigos o una ocasi\u00f3n especial, nuestro restaurante se adapta a cualquier tipo de evento, ofreciendo siempre un servicio cercano y profesional.<\/p>\n<p data-start=\"2416\" data-end=\"2597\">Nuestro objetivo es que cada cliente se sienta c\u00f3modo y disfrute de una experiencia completa, donde la calidad de la comida se combina con un trato excelente y un entorno agradable.<\/p>\n<p>[\/et_pb_text][et_pb_cta title=&#8221;Vols tastar la autentica carn a la brasa Canyelles?&#8221; button_url=&#8221;tel:+34699544424&#8243; button_text=&#8221;\u00a1Truca&#8217;ns!&#8221; _builder_version=&#8221;4.17.4&#8243; _module_preset=&#8221;default&#8221; body_font_size=&#8221;15px&#8221; background_color=&#8221;#000000&#8243; locked=&#8221;off&#8221; global_colors_info=&#8221;{}&#8221;]<\/p>\n<p>Estarem encantats d&#8217;atendre&#8217;t i oferir-te el millor de la gastronomia catalana, <strong><a href=\"https:\/\/calmanelet.es\/carns-brasa-vilanova-geltru\/\">carns a la brasa<\/a><\/strong>, cal\u00e7otades i tamb\u00e9 tenim men\u00fas diaris<\/p>\n<p>[\/et_pb_cta][\/et_pb_column][et_pb_column type=&#8221;1_2&#8243; _builder_version=&#8221;4.16&#8243; _module_preset=&#8221;default&#8221; global_colors_info=&#8221;{}&#8221;][et_pb_image src=&#8221;https:\/\/calmanelet.es\/wp-content\/uploads\/2026\/04\/braserias-en-canyelles-4.jpg&#8221; alt=&#8221;Cargols a la llauna Vilanova i la Geltr\u00fa&#8221; title_text=&#8221;Large pieces of pickled meat on a grid in a restaurant. Mixed grilled meats.&#8221; align=&#8221;center&#8221; force_fullwidth=&#8221;on&#8221; _builder_version=&#8221;4.11.2&#8243; _module_preset=&#8221;default&#8221; hover_enabled=&#8221;0&#8243; global_colors_info=&#8221;{}&#8221; sticky_enabled=&#8221;0&#8243;][\/et_pb_image][\/et_pb_column][\/et_pb_row][et_pb_row _builder_version=&#8221;4.16&#8243; _module_preset=&#8221;default&#8221; width=&#8221;90%&#8221; max_width=&#8221;1400px&#8221; module_alignment=&#8221;center&#8221; locked=&#8221;off&#8221; global_colors_info=&#8221;{}&#8221;][et_pb_column type=&#8221;4_4&#8243; _builder_version=&#8221;4.16&#8243; _module_preset=&#8221;default&#8221; global_colors_info=&#8221;{}&#8221;][et_pb_text _builder_version=&#8221;4.11.2&#8243; _module_preset=&#8221;default&#8221; text_font_size=&#8221;16px&#8221; hover_enabled=&#8221;0&#8243; locked=&#8221;off&#8221; global_colors_info=&#8221;{}&#8221; sticky_enabled=&#8221;0&#8243;]<\/p>\n<h2><strong>Por qu\u00e9 elegir Cal Manelet entre las braser\u00edas en Canyelles<\/strong><\/h2>\n<p data-start=\"2668\" data-end=\"2939\">Elegir una buena braser\u00eda en Canyelles puede marcar la diferencia en tu experiencia gastron\u00f3mica, y en Cal Manelet trabajamos cada d\u00eda para ser tu mejor opci\u00f3n. Nuestra pasi\u00f3n por la cocina a la brasa se refleja en cada plato, donde el sabor aut\u00e9ntico es el protagonista.<\/p>\n<p data-start=\"2941\" data-end=\"3167\">Contamos con una amplia variedad en nuestra carta, pensada para satisfacer todos los gustos. Desde los amantes de la carne hasta quienes buscan opciones m\u00e1s ligeras, todos encontrar\u00e1n algo que disfrutar en nuestro restaurante.<\/p>\n<p data-start=\"3169\" data-end=\"3421\">Adem\u00e1s, destacamos por ofrecer una excelente relaci\u00f3n calidad-precio, lo que nos convierte en una opci\u00f3n accesible sin renunciar a la calidad. Creemos que disfrutar de una buena braser\u00eda no deber\u00eda ser un lujo, sino una experiencia al alcance de todos.<\/p>\n<p data-start=\"3423\" data-end=\"3725\">Por \u00faltimo, nuestro compromiso con el cliente es total. Nos esforzamos por ofrecer un servicio atento y cercano, cuidando cada detalle para que tu visita sea perfecta. Esto nos ha permitido ganarnos la confianza de nuestros clientes y consolidarnos como una referencia entre las braser\u00edas en Canyelles.<\/p>\n<p>[\/et_pb_text][\/et_pb_column][\/et_pb_row][et_pb_row column_structure=&#8221;1_2,1_2&#8243; _builder_version=&#8221;4.16&#8243; _module_preset=&#8221;default&#8221; width=&#8221;90%&#8221; max_width=&#8221;1400px&#8221; module_alignment=&#8221;center&#8221; locked=&#8221;off&#8221; global_colors_info=&#8221;{}&#8221;][et_pb_column type=&#8221;1_2&#8243; _builder_version=&#8221;4.16&#8243; _module_preset=&#8221;default&#8221; global_colors_info=&#8221;{}&#8221;][et_pb_image src=&#8221;https:\/\/calmanelet.es\/wp-content\/uploads\/2026\/04\/braserias-en-canyelles-5.jpg&#8221; alt=&#8221;Cargols a la llauna Vilanova i la Geltr\u00fa&#8221; title_text=&#8221;braserias-en-canyelles-5&#8243; align=&#8221;center&#8221; force_fullwidth=&#8221;on&#8221; _builder_version=&#8221;4.11.2&#8243; _module_preset=&#8221;default&#8221; hover_enabled=&#8221;0&#8243; global_colors_info=&#8221;{}&#8221; sticky_enabled=&#8221;0&#8243;][\/et_pb_image][\/et_pb_column][et_pb_column type=&#8221;1_2&#8243; _builder_version=&#8221;4.16&#8243; _module_preset=&#8221;default&#8221; global_colors_info=&#8221;{}&#8221;][et_pb_image src=&#8221;https:\/\/calmanelet.es\/wp-content\/uploads\/2026\/04\/braserias-en-canyelles-6.jpg&#8221; alt=&#8221;Cargols a la llauna Vilanova i la Geltr\u00fa&#8221; title_text=&#8221;braserias-en-canyelles-6&#8243; _builder_version=&#8221;4.11.2&#8243; _module_preset=&#8221;default&#8221; hover_enabled=&#8221;0&#8243; global_colors_info=&#8221;{}&#8221; sticky_enabled=&#8221;0&#8243;][\/et_pb_image][\/et_pb_column][\/et_pb_row][et_pb_row _builder_version=&#8221;4.17.4&#8243; _module_preset=&#8221;default&#8221; max_width=&#8221;70%&#8221; global_colors_info=&#8221;{}&#8221;][et_pb_column type=&#8221;4_4&#8243; _builder_version=&#8221;4.17.4&#8243; _module_preset=&#8221;default&#8221; global_colors_info=&#8221;{}&#8221;][et_pb_blog fullwidth=&#8221;off&#8221; posts_number=&#8221;3&#8243; _builder_version=&#8221;4.11.2&#8243; _module_preset=&#8221;default&#8221; hover_enabled=&#8221;0&#8243; global_colors_info=&#8221;{}&#8221; sticky_enabled=&#8221;0&#8243;][\/et_pb_blog][\/et_pb_column][\/et_pb_row][\/et_pb_section]<\/p>","protected":false},"excerpt":{"rendered":"<p>Braser\u00edas en Canyelles En Cal Manelet, te ofrecemos una experiencia gastron\u00f3mica aut\u00e9ntica dentro de las mejores braser\u00edas en Canyelles. Nuestro restaurante destaca por su cocina a la brasa, ingredientes de calidad y un ambiente acogedor ideal para disfrutar en pareja, familia o con amigos. Si buscas sabor tradicional con un toque \u00fanico, est\u00e1s en el [&hellip;]<\/p>","protected":false},"author":6,"featured_media":400,"parent":0,"menu_order":0,"comment_status":"closed","ping_status":"closed","template":"","meta":{"_et_pb_use_builder":"on","_et_pb_old_content":"","_et_gb_content_width":"","footnotes":""},"class_list":["post-1284","page","type-page","status-publish","has-post-thumbnail","hentry"],"yoast_head":"<!-- This site is optimized with the Yoast SEO plugin v27.0 - https:\/\/yoast.com\/product\/yoast-seo-wordpress\/ -->\n<title>Braserias en Canyelles - Cal Manelet Restaurant<\/title>\n<meta name=\"description\" content=\"Cargols a la llauna a Vilanova i la Geltr\u00fa Si no saps on menjar els millors cargols a la llauna visita Cal Manelet. T&#039;esperem!\" \/>\n<meta name=\"robots\" content=\"index, follow, max-snippet:-1, max-image-preview:large, max-video-preview:-1\" \/>\n<link rel=\"canonical\" href=\"https:\/\/calmanelet.es\/es\/braserias-en-canyelles\/\" \/>\n<meta property=\"og:locale\" content=\"es_ES\" \/>\n<meta property=\"og:type\" content=\"article\" \/>\n<meta property=\"og:title\" content=\"Braserias en Canyelles - Cal Manelet Restaurant\" \/>\n<meta property=\"og:description\" content=\"Cargols a la llauna a Vilanova i la Geltr\u00fa Si no saps on menjar els millors cargols a la llauna visita Cal Manelet. T&#039;esperem!\" \/>\n<meta property=\"og:url\" content=\"https:\/\/calmanelet.es\/es\/braserias-en-canyelles\/\" \/>\n<meta property=\"og:site_name\" content=\"Cal Manelet Restaurant\" \/>\n<meta property=\"article:modified_time\" content=\"2026-04-09T07:35:40+00:00\" \/>\n<meta property=\"og:image\" content=\"https:\/\/calmanelet.es\/wp-content\/uploads\/2021\/02\/caracoles-a-la-llauna.jpg\" \/>\n\t<meta property=\"og:image:width\" content=\"1440\" \/>\n\t<meta property=\"og:image:height\" content=\"1080\" \/>\n\t<meta property=\"og:image:type\" content=\"image\/jpeg\" \/>\n<meta name=\"twitter:card\" content=\"summary_large_image\" \/>\n<meta name=\"twitter:label1\" content=\"Tiempo de lectura\" \/>\n\t<meta name=\"twitter:data1\" content=\"3 minutos\" \/>\n<script type=\"application\/ld+json\" class=\"yoast-schema-graph\">{\"@context\":\"https:\/\/schema.org\",\"@graph\":[{\"@type\":\"WebPage\",\"@id\":\"https:\/\/calmanelet.es\/braserias-en-canyelles\/\",\"url\":\"https:\/\/calmanelet.es\/braserias-en-canyelles\/\",\"name\":\"Braserias en Canyelles - Cal Manelet Restaurant\",\"isPartOf\":{\"@id\":\"https:\/\/calmanelet.es\/#website\"},\"primaryImageOfPage\":{\"@id\":\"https:\/\/calmanelet.es\/braserias-en-canyelles\/#primaryimage\"},\"image\":{\"@id\":\"https:\/\/calmanelet.es\/braserias-en-canyelles\/#primaryimage\"},\"thumbnailUrl\":\"https:\/\/calmanelet.es\/wp-content\/uploads\/2021\/02\/caracoles-a-la-llauna.jpg\",\"datePublished\":\"2026-04-09T07:19:57+00:00\",\"dateModified\":\"2026-04-09T07:35:40+00:00\",\"description\":\"Cargols a la llauna a Vilanova i la Geltr\u00fa Si no saps on menjar els millors cargols a la llauna visita Cal Manelet. T'esperem!\",\"breadcrumb\":{\"@id\":\"https:\/\/calmanelet.es\/braserias-en-canyelles\/#breadcrumb\"},\"inLanguage\":\"es\",\"potentialAction\":[{\"@type\":\"ReadAction\",\"target\":[\"https:\/\/calmanelet.es\/braserias-en-canyelles\/\"]}]},{\"@type\":\"ImageObject\",\"inLanguage\":\"es\",\"@id\":\"https:\/\/calmanelet.es\/braserias-en-canyelles\/#primaryimage\",\"url\":\"https:\/\/calmanelet.es\/wp-content\/uploads\/2021\/02\/caracoles-a-la-llauna.jpg\",\"contentUrl\":\"https:\/\/calmanelet.es\/wp-content\/uploads\/2021\/02\/caracoles-a-la-llauna.jpg\",\"width\":1440,\"height\":1080,\"caption\":\"caracoles a la llauna en Vilanova i la geltr\u00fa Canyelles\"},{\"@type\":\"BreadcrumbList\",\"@id\":\"https:\/\/calmanelet.es\/braserias-en-canyelles\/#breadcrumb\",\"itemListElement\":[{\"@type\":\"ListItem\",\"position\":1,\"name\":\"Portada\",\"item\":\"https:\/\/calmanelet.es\/\"},{\"@type\":\"ListItem\",\"position\":2,\"name\":\"Braserias en Canyelles\"}]},{\"@type\":\"WebSite\",\"@id\":\"https:\/\/calmanelet.es\/#website\",\"url\":\"https:\/\/calmanelet.es\/\",\"name\":\"Cal Manelet Restaurant\",\"description\":\"Restaurant a Canyelles\",\"potentialAction\":[{\"@type\":\"SearchAction\",\"target\":{\"@type\":\"EntryPoint\",\"urlTemplate\":\"https:\/\/calmanelet.es\/?s={search_term_string}\"},\"query-input\":{\"@type\":\"PropertyValueSpecification\",\"valueRequired\":true,\"valueName\":\"search_term_string\"}}],\"inLanguage\":\"es\"}]}<\/script>\n<!-- \/ Yoast SEO plugin. -->","yoast_head_json":{"title":"Braserias en Canyelles - Cal Manelet Restaurant","description":"Cargols a la llauna a Vilanova i la Geltr\u00fa Si no saps on menjar els millors cargols a la llauna visita Cal Manelet. T'esperem!","robots":{"index":"index","follow":"follow","max-snippet":"max-snippet:-1","max-image-preview":"max-image-preview:large","max-video-preview":"max-video-preview:-1"},"canonical":"https:\/\/calmanelet.es\/es\/braserias-en-canyelles\/","og_locale":"es_ES","og_type":"article","og_title":"Braserias en Canyelles - Cal Manelet Restaurant","og_description":"Cargols a la llauna a Vilanova i la Geltr\u00fa Si no saps on menjar els millors cargols a la llauna visita Cal Manelet. T'esperem!","og_url":"https:\/\/calmanelet.es\/es\/braserias-en-canyelles\/","og_site_name":"Cal Manelet Restaurant","article_modified_time":"2026-04-09T07:35:40+00:00","og_image":[{"width":1440,"height":1080,"url":"https:\/\/calmanelet.es\/wp-content\/uploads\/2021\/02\/caracoles-a-la-llauna.jpg","type":"image\/jpeg"}],"twitter_card":"summary_large_image","twitter_misc":{"Tiempo de lectura":"3 minutos"},"schema":{"@context":"https:\/\/schema.org","@graph":[{"@type":"WebPage","@id":"https:\/\/calmanelet.es\/braserias-en-canyelles\/","url":"https:\/\/calmanelet.es\/braserias-en-canyelles\/","name":"Braserias en Canyelles - Cal Manelet Restaurant","isPartOf":{"@id":"https:\/\/calmanelet.es\/#website"},"primaryImageOfPage":{"@id":"https:\/\/calmanelet.es\/braserias-en-canyelles\/#primaryimage"},"image":{"@id":"https:\/\/calmanelet.es\/braserias-en-canyelles\/#primaryimage"},"thumbnailUrl":"https:\/\/calmanelet.es\/wp-content\/uploads\/2021\/02\/caracoles-a-la-llauna.jpg","datePublished":"2026-04-09T07:19:57+00:00","dateModified":"2026-04-09T07:35:40+00:00","description":"Cargols a la llauna a Vilanova i la Geltr\u00fa Si no saps on menjar els millors cargols a la llauna visita Cal Manelet. T'esperem!","breadcrumb":{"@id":"https:\/\/calmanelet.es\/braserias-en-canyelles\/#breadcrumb"},"inLanguage":"es","potentialAction":[{"@type":"ReadAction","target":["https:\/\/calmanelet.es\/braserias-en-canyelles\/"]}]},{"@type":"ImageObject","inLanguage":"es","@id":"https:\/\/calmanelet.es\/braserias-en-canyelles\/#primaryimage","url":"https:\/\/calmanelet.es\/wp-content\/uploads\/2021\/02\/caracoles-a-la-llauna.jpg","contentUrl":"https:\/\/calmanelet.es\/wp-content\/uploads\/2021\/02\/caracoles-a-la-llauna.jpg","width":1440,"height":1080,"caption":"caracoles a la llauna en Vilanova i la geltr\u00fa Canyelles"},{"@type":"BreadcrumbList","@id":"https:\/\/calmanelet.es\/braserias-en-canyelles\/#breadcrumb","itemListElement":[{"@type":"ListItem","position":1,"name":"Portada","item":"https:\/\/calmanelet.es\/"},{"@type":"ListItem","position":2,"name":"Braserias en Canyelles"}]},{"@type":"WebSite","@id":"https:\/\/calmanelet.es\/#website","url":"https:\/\/calmanelet.es\/","name":"Cal Manelet Restaurant","description":"Restaurante en Canyelles","potentialAction":[{"@type":"SearchAction","target":{"@type":"EntryPoint","urlTemplate":"https:\/\/calmanelet.es\/?s={search_term_string}"},"query-input":{"@type":"PropertyValueSpecification","valueRequired":true,"valueName":"search_term_string"}}],"inLanguage":"es"}]}},"_links":{"self":[{"href":"https:\/\/calmanelet.es\/es\/wp-json\/wp\/v2\/pages\/1284","targetHints":{"allow":["GET"]}}],"collection":[{"href":"https:\/\/calmanelet.es\/es\/wp-json\/wp\/v2\/pages"}],"about":[{"href":"https:\/\/calmanelet.es\/es\/wp-json\/wp\/v2\/types\/page"}],"author":[{"embeddable":true,"href":"https:\/\/calmanelet.es\/es\/wp-json\/wp\/v2\/users\/6"}],"replies":[{"embeddable":true,"href":"https:\/\/calmanelet.es\/es\/wp-json\/wp\/v2\/comments?post=1284"}],"version-history":[{"count":5,"href":"https:\/\/calmanelet.es\/es\/wp-json\/wp\/v2\/pages\/1284\/revisions"}],"predecessor-version":[{"id":1323,"href":"https:\/\/calmanelet.es\/es\/wp-json\/wp\/v2\/pages\/1284\/revisions\/1323"}],"wp:featuredmedia":[{"embeddable":true,"href":"https:\/\/calmanelet.es\/es\/wp-json\/wp\/v2\/media\/400"}],"wp:attachment":[{"href":"https:\/\/calmanelet.es\/es\/wp-json\/wp\/v2\/media?parent=1284"}],"curies":[{"name":"wp","href":"https:\/\/api.w.org\/{rel}","templated":true}]}}