{"id":1285,"date":"2026-04-09T07:20:05","date_gmt":"2026-04-09T07:20:05","guid":{"rendered":"https:\/\/calmanelet.es\/?page_id=1285"},"modified":"2026-04-09T07:47:24","modified_gmt":"2026-04-09T07:47:24","slug":"braserias-en-vilafranca-del-penedes","status":"publish","type":"page","link":"https:\/\/calmanelet.es\/es\/braserias-en-vilafranca-del-penedes\/","title":{"rendered":"Braserias en Vilafranca del penedes"},"content":{"rendered":"<p>[et_pb_section fb_built=&#8221;1&#8243; _builder_version=&#8221;4.11.2&#8243; _module_preset=&#8221;default&#8221; background_image=&#8221;https:\/\/calmanelet.es\/wp-content\/uploads\/2026\/04\/braserias-en-vilafranca-del-penedes.jpg&#8221; custom_padding=&#8221;84px||64px|||&#8221; hover_enabled=&#8221;0&#8243; locked=&#8221;off&#8221; global_colors_info=&#8221;{}&#8221; title_text=&#8221;braserias-en-vilafranca-del-penedes&#8221; sticky_enabled=&#8221;0&#8243;][et_pb_row _builder_version=&#8221;4.17.4&#8243; _module_preset=&#8221;default&#8221; custom_margin=&#8221;8vh|auto||auto|false|false&#8221; custom_margin_tablet=&#8221;&#8221; custom_margin_phone=&#8221;&#8221; custom_margin_last_edited=&#8221;on|phone&#8221; global_colors_info=&#8221;{}&#8221;][et_pb_column type=&#8221;4_4&#8243; _builder_version=&#8221;4.16&#8243; _module_preset=&#8221;default&#8221; global_colors_info=&#8221;{}&#8221;][et_pb_text _builder_version=&#8221;4.11.2&#8243; _module_preset=&#8221;default&#8221; text_text_color=&#8221;#FFFFFF&#8221; text_font_size=&#8221;24px&#8221; text_line_height=&#8221;1.9em&#8221; header_text_align=&#8221;center&#8221; header_text_color=&#8221;#FFFFFF&#8221; background_color=&#8221;rgba(0,0,0,0.36)&#8221; custom_margin=&#8221;2em||||false|false&#8221; custom_padding=&#8221;2em|1em||1em|false|true&#8221; hover_enabled=&#8221;0&#8243; text_font_size_tablet=&#8221;22px&#8221; text_font_size_phone=&#8221;20px&#8221; text_font_size_last_edited=&#8221;on|tablet&#8221; header_text_align_tablet=&#8221;center&#8221; header_text_align_phone=&#8221;&#8221; header_text_align_last_edited=&#8221;on|desktop&#8221; global_colors_info=&#8221;{}&#8221; sticky_enabled=&#8221;0&#8243;]<\/p>\n<h1 style=\"text-align: center;\"><strong>Braser\u00edas en Vilafranca del Pened\u00e8s<\/strong><\/h1>\n<p style=\"text-align: center;\">En <strong data-start=\"166\" data-end=\"181\">Cal Manelet<\/strong>, te invitamos a descubrir una de las mejores opciones de braser\u00edas en Vilafranca del Pened\u00e8s, donde la tradici\u00f3n y el sabor aut\u00e9ntico se unen en cada plato. Nuestro restaurante es el lugar ideal para disfrutar de la cocina a la brasa en un ambiente acogedor, con productos de calidad y una atenci\u00f3n cercana que marca la diferencia.<\/p>\n<p>&nbsp;<\/p>\n<p>[\/et_pb_text][et_pb_button button_url=&#8221;@ET-DC@eyJkeW5hbWljIjp0cnVlLCJjb250ZW50IjoicG9zdF9saW5rX3VybF9wYWdlIiwic2V0dGluZ3MiOnsicG9zdF9pZCI6IjIifX0=@&#8221; button_text=&#8221;Reserva la teva taula&#8221; button_alignment=&#8221;center&#8221; _builder_version=&#8221;4.17.4&#8243; _dynamic_attributes=&#8221;button_url&#8221; _module_preset=&#8221;default&#8221; custom_button=&#8221;on&#8221; button_text_color=&#8221;#FFFFFF&#8221; button_bg_color=&#8221;#000000&#8243; button_border_width=&#8221;0px&#8221; global_colors_info=&#8221;{}&#8221;][\/et_pb_button][\/et_pb_column][\/et_pb_row][\/et_pb_section][et_pb_section fb_built=&#8221;1&#8243; _builder_version=&#8221;4.17.4&#8243; _module_preset=&#8221;default&#8221; locked=&#8221;off&#8221; global_colors_info=&#8221;{}&#8221;][et_pb_row column_structure=&#8221;1_2,1_2&#8243; _builder_version=&#8221;4.16&#8243; _module_preset=&#8221;default&#8221; width=&#8221;90%&#8221; max_width=&#8221;1400px&#8221; module_alignment=&#8221;center&#8221; global_colors_info=&#8221;{}&#8221;][et_pb_column type=&#8221;1_2&#8243; _builder_version=&#8221;4.16&#8243; _module_preset=&#8221;default&#8221; global_colors_info=&#8221;{}&#8221;][et_pb_text _builder_version=&#8221;4.11.2&#8243; _module_preset=&#8221;default&#8221; text_font_size=&#8221;16px&#8221; hover_enabled=&#8221;0&#8243; global_colors_info=&#8221;{}&#8221; sticky_enabled=&#8221;0&#8243;]<\/p>\n<h2 data-section-id=\"bzap1e\" data-start=\"520\" data-end=\"566\"><strong>La mejor braser\u00eda en Vilafranca del Pened\u00e8s<\/strong><\/h2>\n<p data-start=\"568\" data-end=\"919\">Si est\u00e1s buscando braser\u00edas en Vilafranca del Pened\u00e8s donde comer bien y disfrutar de carnes a la brasa de alta calidad, en Cal Manelet encontrar\u00e1s justo lo que necesitas. Seleccionamos cuidadosamente cada ingrediente para garantizar un resultado excepcional, apostando por carnes frescas y procesos de cocci\u00f3n tradicionales que realzan todo su sabor.<\/p>\n<p data-start=\"921\" data-end=\"1183\">Nuestra filosof\u00eda se basa en ofrecer una experiencia completa, donde no solo importa la comida, sino tambi\u00e9n el ambiente y el trato al cliente. Queremos que cada visita sea especial, cuidando todos los detalles para que te sientas c\u00f3modo desde el primer momento.<\/p>\n<p>[\/et_pb_text][\/et_pb_column][et_pb_column type=&#8221;1_2&#8243; _builder_version=&#8221;4.16&#8243; _module_preset=&#8221;default&#8221; global_colors_info=&#8221;{}&#8221;][et_pb_image src=&#8221;https:\/\/calmanelet.es\/wp-content\/uploads\/2026\/04\/braserias-en-vilafranca-del-penedes-2.jpg&#8221; _builder_version=&#8221;4.11.2&#8243; _module_preset=&#8221;default&#8221; width=&#8221;70%&#8221; hover_enabled=&#8221;0&#8243; sticky_enabled=&#8221;0&#8243; title_text=&#8221;braserias-en-vilafranca-del-penedes-2&#8243;][\/et_pb_image][\/et_pb_column][\/et_pb_row][et_pb_row column_structure=&#8221;1_2,1_2&#8243; _builder_version=&#8221;4.17.4&#8243; _module_preset=&#8221;default&#8221; width=&#8221;90%&#8221; max_width=&#8221;1400px&#8221; module_alignment=&#8221;center&#8221; global_colors_info=&#8221;{}&#8221;][et_pb_column type=&#8221;1_2&#8243; _builder_version=&#8221;4.16&#8243; _module_preset=&#8221;default&#8221; global_colors_info=&#8221;{}&#8221;][et_pb_image src=&#8221;https:\/\/calmanelet.es\/wp-content\/uploads\/2026\/04\/braserias-en-vilafranca-del-penedes-3.jpg&#8221; _builder_version=&#8221;4.11.2&#8243; _module_preset=&#8221;default&#8221; title_text=&#8221;braserias-en-vilafranca-del-penedes-3&#8243; width=&#8221;70%&#8221; hover_enabled=&#8221;0&#8243; sticky_enabled=&#8221;0&#8243;][\/et_pb_image][\/et_pb_column][et_pb_column type=&#8221;1_2&#8243; _builder_version=&#8221;4.16&#8243; _module_preset=&#8221;default&#8221; global_colors_info=&#8221;{}&#8221;][et_pb_text _builder_version=&#8221;4.11.2&#8243; _module_preset=&#8221;default&#8221; text_font_size=&#8221;16px&#8221; hover_enabled=&#8221;0&#8243; global_colors_info=&#8221;{}&#8221; sticky_enabled=&#8221;0&#8243;]<\/p>\n<h2 data-section-id=\"pl9qml\" data-start=\"1190\" data-end=\"1226\"><strong>Tradici\u00f3n y calidad en cada plato<\/strong><\/h2>\n<p data-start=\"1228\" data-end=\"1549\">En Cal Manelet mantenemos viva la esencia de la cocina tradicional, apostando por recetas que han pasado de generaci\u00f3n en generaci\u00f3n. La brasa es el elemento central de nuestra propuesta gastron\u00f3mica, permiti\u00e9ndonos ofrecer platos llenos de sabor y autenticidad que destacan entre las braser\u00edas en Vilafranca del Pened\u00e8s.<\/p>\n<p data-start=\"1551\" data-end=\"1807\">Adem\u00e1s, utilizamos ingredientes de proximidad y de temporada, lo que garantiza frescura y calidad en cada elaboraci\u00f3n. Nuestro compromiso con el producto se refleja en cada plato que servimos, siempre buscando superar las expectativas de nuestros clientes.<\/p>\n<p>[\/et_pb_text][\/et_pb_column][\/et_pb_row][et_pb_row column_structure=&#8221;1_2,1_2&#8243; _builder_version=&#8221;4.17.4&#8243; _module_preset=&#8221;default&#8221; width=&#8221;90%&#8221; max_width=&#8221;1400px&#8221; module_alignment=&#8221;center&#8221; global_colors_info=&#8221;{}&#8221;][et_pb_column type=&#8221;1_2&#8243; _builder_version=&#8221;4.16&#8243; _module_preset=&#8221;default&#8221; global_colors_info=&#8221;{}&#8221;][et_pb_text _builder_version=&#8221;4.11.2&#8243; _module_preset=&#8221;default&#8221; text_font_size=&#8221;16px&#8221; hover_enabled=&#8221;0&#8243; global_colors_info=&#8221;{}&#8221; sticky_enabled=&#8221;0&#8243;]<\/p>\n<h2 data-section-id=\"12dh6pw\" data-start=\"1814\" data-end=\"1850\"><strong>Un espacio pensado para disfrutar<\/strong><\/h2>\n<p data-start=\"1852\" data-end=\"2153\">Nuestro restaurante est\u00e1 dise\u00f1ado para ofrecer un entorno acogedor y agradable, ideal tanto para comidas informales como para celebraciones especiales. En Cal Manelet creemos que el entorno es parte fundamental de la experiencia, por eso cuidamos cada detalle para crear un ambiente c\u00e1lido y familiar.<\/p>\n<p data-start=\"2155\" data-end=\"2360\">Ya sea para una comida tranquila o una reuni\u00f3n con amigos, somos una de las braser\u00edas en Vilafranca del Pened\u00e8s que mejor se adapta a cualquier ocasi\u00f3n, ofreciendo siempre un servicio atento y profesional.<\/p>\n<p>[\/et_pb_text][et_pb_cta title=&#8221;\u00bfQuieres probar la mejor braser\u00eda de vilafranca del pened\u00e9s?&#8221; button_url=&#8221;tel:+34699544424&#8243; button_text=&#8221;Llamanos&#8221; _builder_version=&#8221;4.11.2&#8243; _module_preset=&#8221;default&#8221; body_font_size=&#8221;15px&#8221; background_color=&#8221;#000000&#8243; hover_enabled=&#8221;0&#8243; locked=&#8221;off&#8221; global_colors_info=&#8221;{}&#8221; sticky_enabled=&#8221;0&#8243;]<\/p>\n<p>Estaremos encantados de atenderte y ofrecerte lo mejor de la gastronom\u00eda catalana, carnes a la brasa, cal\u00e7otades y tambi\u00e9n tenemos men\u00fas diarios<\/p>\n<p>[\/et_pb_cta][\/et_pb_column][et_pb_column type=&#8221;1_2&#8243; _builder_version=&#8221;4.16&#8243; _module_preset=&#8221;default&#8221; global_colors_info=&#8221;{}&#8221;][et_pb_image src=&#8221;https:\/\/calmanelet.es\/wp-content\/uploads\/2026\/04\/braserias-en-vilafranca-del-penedes-4.jpg&#8221; alt=&#8221;Cargols a la llauna Vilanova i la Geltr\u00fa&#8221; title_text=&#8221;braserias-en-vilafranca-del-penedes-4&#8243; align=&#8221;center&#8221; force_fullwidth=&#8221;on&#8221; _builder_version=&#8221;4.11.2&#8243; _module_preset=&#8221;default&#8221; hover_enabled=&#8221;0&#8243; global_colors_info=&#8221;{}&#8221; sticky_enabled=&#8221;0&#8243;][\/et_pb_image][\/et_pb_column][\/et_pb_row][et_pb_row _builder_version=&#8221;4.16&#8243; _module_preset=&#8221;default&#8221; width=&#8221;90%&#8221; max_width=&#8221;1400px&#8221; module_alignment=&#8221;center&#8221; locked=&#8221;off&#8221; global_colors_info=&#8221;{}&#8221;][et_pb_column type=&#8221;4_4&#8243; _builder_version=&#8221;4.16&#8243; _module_preset=&#8221;default&#8221; global_colors_info=&#8221;{}&#8221;][et_pb_text _builder_version=&#8221;4.11.2&#8243; _module_preset=&#8221;default&#8221; text_font_size=&#8221;16px&#8221; hover_enabled=&#8221;0&#8243; locked=&#8221;off&#8221; global_colors_info=&#8221;{}&#8221; sticky_enabled=&#8221;0&#8243;]<\/p>\n<h2 data-section-id=\"1ixdw58\" data-start=\"2367\" data-end=\"2426\">Ventajas de elegir Cal Manelet en Vilafranca del Pened\u00e8s<\/h2>\n<p data-start=\"2428\" data-end=\"2679\">Elegir Cal Manelet es apostar por una experiencia gastron\u00f3mica de calidad dentro de las braser\u00edas en Vilafranca del Pened\u00e8s. Nuestro compromiso con la cocina a la brasa nos permite ofrecer platos con un sabor aut\u00e9ntico que no deja indiferente a nadie.<\/p>\n<p data-start=\"2681\" data-end=\"2951\">Disponemos de una carta variada que se adapta a todos los gustos, combinando opciones cl\u00e1sicas con propuestas que sorprenden por su sabor y presentaci\u00f3n. Esto nos convierte en una opci\u00f3n ideal tanto para clientes habituales como para quienes nos visitan por primera vez.<\/p>\n<p data-start=\"2953\" data-end=\"3184\">Otro de nuestros puntos fuertes es la excelente relaci\u00f3n calidad-precio, ofreciendo productos de alta calidad a precios competitivos. Queremos que todos puedan disfrutar de una buena braser\u00eda sin renunciar al sabor ni a la calidad.<\/p>\n<p data-start=\"3186\" data-end=\"3447\">Por \u00faltimo, nuestro equipo trabaja cada d\u00eda para ofrecer un servicio cercano y profesional, asegurando que cada cliente tenga una experiencia satisfactoria. Gracias a ello, nos hemos consolidado como una referencia entre las braser\u00edas en Vilafranca del Pened\u00e8s.<\/p>\n<p>[\/et_pb_text][\/et_pb_column][\/et_pb_row][et_pb_row column_structure=&#8221;1_2,1_2&#8243; _builder_version=&#8221;4.16&#8243; _module_preset=&#8221;default&#8221; width=&#8221;90%&#8221; max_width=&#8221;1400px&#8221; module_alignment=&#8221;center&#8221; locked=&#8221;off&#8221; global_colors_info=&#8221;{}&#8221;][et_pb_column type=&#8221;1_2&#8243; _builder_version=&#8221;4.16&#8243; _module_preset=&#8221;default&#8221; global_colors_info=&#8221;{}&#8221;][et_pb_image src=&#8221;https:\/\/calmanelet.es\/wp-content\/uploads\/2026\/04\/braserias-en-vilafranca-del-penedes-5.jpg&#8221; alt=&#8221;Cargols a la llauna Vilanova i la Geltr\u00fa&#8221; title_text=&#8221;braserias-en-vilafranca-del-penedes-5&#8243; align=&#8221;center&#8221; force_fullwidth=&#8221;on&#8221; _builder_version=&#8221;4.11.2&#8243; _module_preset=&#8221;default&#8221; hover_enabled=&#8221;0&#8243; global_colors_info=&#8221;{}&#8221; sticky_enabled=&#8221;0&#8243;][\/et_pb_image][\/et_pb_column][et_pb_column type=&#8221;1_2&#8243; _builder_version=&#8221;4.16&#8243; _module_preset=&#8221;default&#8221; global_colors_info=&#8221;{}&#8221;][et_pb_image src=&#8221;https:\/\/calmanelet.es\/wp-content\/uploads\/2026\/04\/braserias-en-vilafranca-del-penedes-6.jpg&#8221; alt=&#8221;Cargols a la llauna Vilanova i la Geltr\u00fa&#8221; title_text=&#8221;braserias-en-vilafranca-del-penedes-6&#8243; _builder_version=&#8221;4.11.2&#8243; _module_preset=&#8221;default&#8221; hover_enabled=&#8221;0&#8243; global_colors_info=&#8221;{}&#8221; sticky_enabled=&#8221;0&#8243;][\/et_pb_image][\/et_pb_column][\/et_pb_row][et_pb_row _builder_version=&#8221;4.17.4&#8243; _module_preset=&#8221;default&#8221; max_width=&#8221;70%&#8221; global_colors_info=&#8221;{}&#8221;][et_pb_column type=&#8221;4_4&#8243; _builder_version=&#8221;4.17.4&#8243; _module_preset=&#8221;default&#8221; global_colors_info=&#8221;{}&#8221;][et_pb_blog fullwidth=&#8221;off&#8221; posts_number=&#8221;3&#8243; _builder_version=&#8221;4.17.4&#8243; _module_preset=&#8221;default&#8221; global_colors_info=&#8221;{}&#8221;][\/et_pb_blog][\/et_pb_column][\/et_pb_row][\/et_pb_section]<\/p>","protected":false},"excerpt":{"rendered":"<p>Braser\u00edas en Vilafranca del Pened\u00e8s En Cal Manelet, te invitamos a descubrir una de las mejores opciones de braser\u00edas en Vilafranca del Pened\u00e8s, donde la tradici\u00f3n y el sabor aut\u00e9ntico se unen en cada plato. Nuestro restaurante es el lugar ideal para disfrutar de la cocina a la brasa en un ambiente acogedor, con productos [&hellip;]<\/p>","protected":false},"author":6,"featured_media":400,"parent":0,"menu_order":0,"comment_status":"closed","ping_status":"closed","template":"","meta":{"_et_pb_use_builder":"on","_et_pb_old_content":"","_et_gb_content_width":"","footnotes":""},"class_list":["post-1285","page","type-page","status-publish","has-post-thumbnail","hentry"],"yoast_head":"<!-- This site is optimized with the Yoast SEO plugin v27.0 - https:\/\/yoast.com\/product\/yoast-seo-wordpress\/ -->\n<title>Braserias en Vilafranca del penedes - Cal Manelet Restaurant<\/title>\n<meta name=\"description\" content=\"Cargols a la llauna a Vilanova i la Geltr\u00fa Si no saps on menjar els millors cargols a la llauna visita Cal Manelet. T&#039;esperem!\" \/>\n<meta name=\"robots\" content=\"index, follow, max-snippet:-1, max-image-preview:large, max-video-preview:-1\" \/>\n<link rel=\"canonical\" href=\"https:\/\/calmanelet.es\/es\/braserias-en-vilafranca-del-penedes\/\" \/>\n<meta property=\"og:locale\" content=\"es_ES\" \/>\n<meta property=\"og:type\" content=\"article\" \/>\n<meta property=\"og:title\" content=\"Braserias en Vilafranca del penedes - Cal Manelet Restaurant\" \/>\n<meta property=\"og:description\" content=\"Cargols a la llauna a Vilanova i la Geltr\u00fa Si no saps on menjar els millors cargols a la llauna visita Cal Manelet. T&#039;esperem!\" \/>\n<meta property=\"og:url\" content=\"https:\/\/calmanelet.es\/es\/braserias-en-vilafranca-del-penedes\/\" \/>\n<meta property=\"og:site_name\" content=\"Cal Manelet Restaurant\" \/>\n<meta property=\"article:modified_time\" content=\"2026-04-09T07:47:24+00:00\" \/>\n<meta property=\"og:image\" content=\"https:\/\/calmanelet.es\/wp-content\/uploads\/2021\/02\/caracoles-a-la-llauna.jpg\" \/>\n\t<meta property=\"og:image:width\" content=\"1440\" \/>\n\t<meta property=\"og:image:height\" content=\"1080\" \/>\n\t<meta property=\"og:image:type\" content=\"image\/jpeg\" \/>\n<meta name=\"twitter:card\" content=\"summary_large_image\" \/>\n<meta name=\"twitter:label1\" content=\"Tiempo de lectura\" \/>\n\t<meta name=\"twitter:data1\" content=\"3 minutos\" \/>\n<script type=\"application\/ld+json\" class=\"yoast-schema-graph\">{\"@context\":\"https:\/\/schema.org\",\"@graph\":[{\"@type\":\"WebPage\",\"@id\":\"https:\/\/calmanelet.es\/braserias-en-vilafranca-del-penedes\/\",\"url\":\"https:\/\/calmanelet.es\/braserias-en-vilafranca-del-penedes\/\",\"name\":\"Braserias en Vilafranca del penedes - Cal Manelet Restaurant\",\"isPartOf\":{\"@id\":\"https:\/\/calmanelet.es\/#website\"},\"primaryImageOfPage\":{\"@id\":\"https:\/\/calmanelet.es\/braserias-en-vilafranca-del-penedes\/#primaryimage\"},\"image\":{\"@id\":\"https:\/\/calmanelet.es\/braserias-en-vilafranca-del-penedes\/#primaryimage\"},\"thumbnailUrl\":\"https:\/\/calmanelet.es\/wp-content\/uploads\/2021\/02\/caracoles-a-la-llauna.jpg\",\"datePublished\":\"2026-04-09T07:20:05+00:00\",\"dateModified\":\"2026-04-09T07:47:24+00:00\",\"description\":\"Cargols a la llauna a Vilanova i la Geltr\u00fa Si no saps on menjar els millors cargols a la llauna visita Cal Manelet. T'esperem!\",\"breadcrumb\":{\"@id\":\"https:\/\/calmanelet.es\/braserias-en-vilafranca-del-penedes\/#breadcrumb\"},\"inLanguage\":\"es\",\"potentialAction\":[{\"@type\":\"ReadAction\",\"target\":[\"https:\/\/calmanelet.es\/braserias-en-vilafranca-del-penedes\/\"]}]},{\"@type\":\"ImageObject\",\"inLanguage\":\"es\",\"@id\":\"https:\/\/calmanelet.es\/braserias-en-vilafranca-del-penedes\/#primaryimage\",\"url\":\"https:\/\/calmanelet.es\/wp-content\/uploads\/2021\/02\/caracoles-a-la-llauna.jpg\",\"contentUrl\":\"https:\/\/calmanelet.es\/wp-content\/uploads\/2021\/02\/caracoles-a-la-llauna.jpg\",\"width\":1440,\"height\":1080,\"caption\":\"caracoles a la llauna en Vilanova i la geltr\u00fa Canyelles\"},{\"@type\":\"BreadcrumbList\",\"@id\":\"https:\/\/calmanelet.es\/braserias-en-vilafranca-del-penedes\/#breadcrumb\",\"itemListElement\":[{\"@type\":\"ListItem\",\"position\":1,\"name\":\"Portada\",\"item\":\"https:\/\/calmanelet.es\/\"},{\"@type\":\"ListItem\",\"position\":2,\"name\":\"Braserias en Vilafranca del penedes\"}]},{\"@type\":\"WebSite\",\"@id\":\"https:\/\/calmanelet.es\/#website\",\"url\":\"https:\/\/calmanelet.es\/\",\"name\":\"Cal Manelet Restaurant\",\"description\":\"Restaurant a Canyelles\",\"potentialAction\":[{\"@type\":\"SearchAction\",\"target\":{\"@type\":\"EntryPoint\",\"urlTemplate\":\"https:\/\/calmanelet.es\/?s={search_term_string}\"},\"query-input\":{\"@type\":\"PropertyValueSpecification\",\"valueRequired\":true,\"valueName\":\"search_term_string\"}}],\"inLanguage\":\"es\"}]}<\/script>\n<!-- \/ Yoast SEO plugin. -->","yoast_head_json":{"title":"Braserias en Vilafranca del penedes - Cal Manelet Restaurant","description":"Cargols a la llauna a Vilanova i la Geltr\u00fa Si no saps on menjar els millors cargols a la llauna visita Cal Manelet. T'esperem!","robots":{"index":"index","follow":"follow","max-snippet":"max-snippet:-1","max-image-preview":"max-image-preview:large","max-video-preview":"max-video-preview:-1"},"canonical":"https:\/\/calmanelet.es\/es\/braserias-en-vilafranca-del-penedes\/","og_locale":"es_ES","og_type":"article","og_title":"Braserias en Vilafranca del penedes - Cal Manelet Restaurant","og_description":"Cargols a la llauna a Vilanova i la Geltr\u00fa Si no saps on menjar els millors cargols a la llauna visita Cal Manelet. T'esperem!","og_url":"https:\/\/calmanelet.es\/es\/braserias-en-vilafranca-del-penedes\/","og_site_name":"Cal Manelet Restaurant","article_modified_time":"2026-04-09T07:47:24+00:00","og_image":[{"width":1440,"height":1080,"url":"https:\/\/calmanelet.es\/wp-content\/uploads\/2021\/02\/caracoles-a-la-llauna.jpg","type":"image\/jpeg"}],"twitter_card":"summary_large_image","twitter_misc":{"Tiempo de lectura":"3 minutos"},"schema":{"@context":"https:\/\/schema.org","@graph":[{"@type":"WebPage","@id":"https:\/\/calmanelet.es\/braserias-en-vilafranca-del-penedes\/","url":"https:\/\/calmanelet.es\/braserias-en-vilafranca-del-penedes\/","name":"Braserias en Vilafranca del penedes - Cal Manelet Restaurant","isPartOf":{"@id":"https:\/\/calmanelet.es\/#website"},"primaryImageOfPage":{"@id":"https:\/\/calmanelet.es\/braserias-en-vilafranca-del-penedes\/#primaryimage"},"image":{"@id":"https:\/\/calmanelet.es\/braserias-en-vilafranca-del-penedes\/#primaryimage"},"thumbnailUrl":"https:\/\/calmanelet.es\/wp-content\/uploads\/2021\/02\/caracoles-a-la-llauna.jpg","datePublished":"2026-04-09T07:20:05+00:00","dateModified":"2026-04-09T07:47:24+00:00","description":"Cargols a la llauna a Vilanova i la Geltr\u00fa Si no saps on menjar els millors cargols a la llauna visita Cal Manelet. T'esperem!","breadcrumb":{"@id":"https:\/\/calmanelet.es\/braserias-en-vilafranca-del-penedes\/#breadcrumb"},"inLanguage":"es","potentialAction":[{"@type":"ReadAction","target":["https:\/\/calmanelet.es\/braserias-en-vilafranca-del-penedes\/"]}]},{"@type":"ImageObject","inLanguage":"es","@id":"https:\/\/calmanelet.es\/braserias-en-vilafranca-del-penedes\/#primaryimage","url":"https:\/\/calmanelet.es\/wp-content\/uploads\/2021\/02\/caracoles-a-la-llauna.jpg","contentUrl":"https:\/\/calmanelet.es\/wp-content\/uploads\/2021\/02\/caracoles-a-la-llauna.jpg","width":1440,"height":1080,"caption":"caracoles a la llauna en Vilanova i la geltr\u00fa Canyelles"},{"@type":"BreadcrumbList","@id":"https:\/\/calmanelet.es\/braserias-en-vilafranca-del-penedes\/#breadcrumb","itemListElement":[{"@type":"ListItem","position":1,"name":"Portada","item":"https:\/\/calmanelet.es\/"},{"@type":"ListItem","position":2,"name":"Braserias en Vilafranca del penedes"}]},{"@type":"WebSite","@id":"https:\/\/calmanelet.es\/#website","url":"https:\/\/calmanelet.es\/","name":"Cal Manelet Restaurant","description":"Restaurante en Canyelles","potentialAction":[{"@type":"SearchAction","target":{"@type":"EntryPoint","urlTemplate":"https:\/\/calmanelet.es\/?s={search_term_string}"},"query-input":{"@type":"PropertyValueSpecification","valueRequired":true,"valueName":"search_term_string"}}],"inLanguage":"es"}]}},"_links":{"self":[{"href":"https:\/\/calmanelet.es\/es\/wp-json\/wp\/v2\/pages\/1285","targetHints":{"allow":["GET"]}}],"collection":[{"href":"https:\/\/calmanelet.es\/es\/wp-json\/wp\/v2\/pages"}],"about":[{"href":"https:\/\/calmanelet.es\/es\/wp-json\/wp\/v2\/types\/page"}],"author":[{"embeddable":true,"href":"https:\/\/calmanelet.es\/es\/wp-json\/wp\/v2\/users\/6"}],"replies":[{"embeddable":true,"href":"https:\/\/calmanelet.es\/es\/wp-json\/wp\/v2\/comments?post=1285"}],"version-history":[{"count":2,"href":"https:\/\/calmanelet.es\/es\/wp-json\/wp\/v2\/pages\/1285\/revisions"}],"predecessor-version":[{"id":1331,"href":"https:\/\/calmanelet.es\/es\/wp-json\/wp\/v2\/pages\/1285\/revisions\/1331"}],"wp:featuredmedia":[{"embeddable":true,"href":"https:\/\/calmanelet.es\/es\/wp-json\/wp\/v2\/media\/400"}],"wp:attachment":[{"href":"https:\/\/calmanelet.es\/es\/wp-json\/wp\/v2\/media?parent=1285"}],"curies":[{"name":"wp","href":"https:\/\/api.w.org\/{rel}","templated":true}]}}