{"id":1290,"date":"2026-04-09T07:21:08","date_gmt":"2026-04-09T07:21:08","guid":{"rendered":"https:\/\/calmanelet.es\/?page_id=1290"},"modified":"2026-04-09T07:21:08","modified_gmt":"2026-04-09T07:21:08","slug":"platos-de-pescado-en-canyelles","status":"publish","type":"page","link":"https:\/\/calmanelet.es\/es\/platos-de-pescado-en-canyelles\/","title":{"rendered":"Platos de pescado en canyelles"},"content":{"rendered":"<p>[et_pb_section fb_built=&#8221;1&#8243; _builder_version=&#8221;4.17.4&#8243; _module_preset=&#8221;default&#8221; background_image=&#8221;https:\/\/calmanelet.es\/wp-content\/uploads\/2021\/02\/caracoles-a-la-llauna.jpg&#8221; custom_padding=&#8221;84px||64px|||&#8221; locked=&#8221;off&#8221; global_colors_info=&#8221;{}&#8221;][et_pb_row _builder_version=&#8221;4.17.4&#8243; _module_preset=&#8221;default&#8221; custom_margin=&#8221;8vh|auto||auto|false|false&#8221; custom_margin_tablet=&#8221;&#8221; custom_margin_phone=&#8221;&#8221; custom_margin_last_edited=&#8221;on|phone&#8221; global_colors_info=&#8221;{}&#8221;][et_pb_column type=&#8221;4_4&#8243; _builder_version=&#8221;4.16&#8243; _module_preset=&#8221;default&#8221; global_colors_info=&#8221;{}&#8221;][et_pb_text _builder_version=&#8221;4.17.4&#8243; _module_preset=&#8221;default&#8221; text_text_color=&#8221;#FFFFFF&#8221; text_font_size=&#8221;24px&#8221; text_line_height=&#8221;1.9em&#8221; header_text_align=&#8221;center&#8221; header_text_color=&#8221;#FFFFFF&#8221; background_color=&#8221;rgba(0,0,0,0.36)&#8221; custom_margin=&#8221;2em||||false|false&#8221; custom_padding=&#8221;2em|1em||1em|false|true&#8221; text_font_size_tablet=&#8221;22px&#8221; text_font_size_phone=&#8221;20px&#8221; text_font_size_last_edited=&#8221;on|tablet&#8221; header_text_align_tablet=&#8221;center&#8221; header_text_align_phone=&#8221;&#8221; header_text_align_last_edited=&#8221;on|desktop&#8221; global_colors_info=&#8221;{}&#8221;]<\/p>\n<h1 style=\"text-align: center;\"><strong>Cargols a la llauna Vilanova i la Geltr\u00fa<\/strong><\/h1>\n<p style=\"text-align: center;\">Si busques el lloc on menjar els <strong>millors cargols a la llauna a Vilanova i la Geltr\u00fa<\/strong> visita el Restaurant Cal Manelet<\/p>\n<p>&nbsp;<\/p>\n<p>[\/et_pb_text][et_pb_button button_url=&#8221;@ET-DC@eyJkeW5hbWljIjp0cnVlLCJjb250ZW50IjoicG9zdF9saW5rX3VybF9wYWdlIiwic2V0dGluZ3MiOnsicG9zdF9pZCI6IjIifX0=@&#8221; button_text=&#8221;Reserva la teva taula&#8221; button_alignment=&#8221;center&#8221; _builder_version=&#8221;4.17.4&#8243; _dynamic_attributes=&#8221;button_url&#8221; _module_preset=&#8221;default&#8221; custom_button=&#8221;on&#8221; button_text_color=&#8221;#FFFFFF&#8221; button_bg_color=&#8221;#000000&#8243; button_border_width=&#8221;0px&#8221; global_colors_info=&#8221;{}&#8221;][\/et_pb_button][\/et_pb_column][\/et_pb_row][\/et_pb_section][et_pb_section fb_built=&#8221;1&#8243; _builder_version=&#8221;4.17.4&#8243; _module_preset=&#8221;default&#8221; locked=&#8221;off&#8221; global_colors_info=&#8221;{}&#8221;][et_pb_row column_structure=&#8221;1_2,1_2&#8243; _builder_version=&#8221;4.16&#8243; _module_preset=&#8221;default&#8221; width=&#8221;90%&#8221; max_width=&#8221;1400px&#8221; module_alignment=&#8221;center&#8221; global_colors_info=&#8221;{}&#8221;][et_pb_column type=&#8221;1_2&#8243; _builder_version=&#8221;4.16&#8243; _module_preset=&#8221;default&#8221; global_colors_info=&#8221;{}&#8221;][et_pb_text _builder_version=&#8221;4.17.4&#8243; _module_preset=&#8221;default&#8221; text_font_size=&#8221;16px&#8221; global_colors_info=&#8221;{}&#8221;]<\/p>\n<h2><strong>Els millors cargols a la llauna de Vilanova i la Geltr\u00fa<\/strong><\/h2>\n<p>Els cargols, en catal\u00e0 cargols, s\u00f3n un dels plats t\u00edpics de la cuina catalana, amb clares influ\u00e8ncies de la gastronomia francesa. Els cargols es cuinen col\u00b7locats en una safata de llauna d&#8217;aqu\u00ed el nom <strong><a href=\"https:\/\/calmanelet.es\/menjar-cargols-llauna-canyelles\/\">cargols a la llauna<\/a><\/strong>. La llauna es col\u00b7loca al forn amb els cargols condimentats i, segons recepta, amb salsa picant.<\/p>\n<p>Si busques un restaurant a Canyelles per menjar aquest plat exquisit de la gastronomia catalana has de visitar Can Manelet.<\/p>\n<p>[\/et_pb_text][\/et_pb_column][et_pb_column type=&#8221;1_2&#8243; _builder_version=&#8221;4.16&#8243; _module_preset=&#8221;default&#8221; global_colors_info=&#8221;{}&#8221;][et_pb_code _builder_version=&#8221;4.16&#8243; _module_preset=&#8221;default&#8221; custom_margin=&#8221;||0px||false|false&#8221; custom_padding=&#8221;||0px|||&#8221; global_colors_info=&#8221;{}&#8221;]<iframe loading=\"lazy\" src=\"https:\/\/www.facebook.com\/plugins\/video.php?height=314&#038;href=https%3A%2F%2Fwww.facebook.com%2Fcanmanelet1992%2Fvideos%2F212366736606636%2F&#038;show_text=false&#038;width=560\" width=\"560\" height=\"314\" style=\"border:none;overflow:hidden\" scrolling=\"no\" frameborder=\"0\" allowfullscreen=\"true\" allow=\"autoplay; clipboard-write; encrypted-media; picture-in-picture; web-share\" allowFullScreen=\"true\"><\/iframe>[\/et_pb_code][\/et_pb_column][\/et_pb_row][et_pb_row column_structure=&#8221;1_2,1_2&#8243; _builder_version=&#8221;4.17.4&#8243; _module_preset=&#8221;default&#8221; width=&#8221;90%&#8221; max_width=&#8221;1400px&#8221; module_alignment=&#8221;center&#8221; global_colors_info=&#8221;{}&#8221;][et_pb_column type=&#8221;1_2&#8243; _builder_version=&#8221;4.16&#8243; _module_preset=&#8221;default&#8221; global_colors_info=&#8221;{}&#8221;][et_pb_code _builder_version=&#8221;4.16&#8243; _module_preset=&#8221;default&#8221; global_colors_info=&#8221;{}&#8221;]<iframe loading=\"lazy\" src=\"https:\/\/www.facebook.com\/plugins\/video.php?height=314&#038;href=https%3A%2F%2Fwww.facebook.com%2Fcanmanelet1992%2Fvideos%2F3367648093286521%2F&#038;show_text=false&#038;width=560\" width=\"560\" height=\"314\" style=\"border:none;overflow:hidden\" scrolling=\"no\" frameborder=\"0\" allowfullscreen=\"true\" allow=\"autoplay; clipboard-write; encrypted-media; picture-in-picture; web-share\" allowFullScreen=\"true\"><\/iframe>[\/et_pb_code][\/et_pb_column][et_pb_column type=&#8221;1_2&#8243; _builder_version=&#8221;4.16&#8243; _module_preset=&#8221;default&#8221; global_colors_info=&#8221;{}&#8221;][et_pb_text _builder_version=&#8221;4.17.4&#8243; _module_preset=&#8221;default&#8221; text_font_size=&#8221;16px&#8221; global_colors_info=&#8221;{}&#8221;]<\/p>\n<h2><strong>Els millors cargols a la llauna de Vilanova i la Geltr\u00fa al restaurant Cal Manelet<\/strong><\/h2>\n<p>Molts restaurants diuen que serveixen cargols a la llauna encara que, adaptant-se a les cuines actuals, en lloc de fer-los com estan m\u00e9s rics i \u00e9s t\u00edpic: a la brasa, els fan al forn. Tots sabem que no \u00e9s mai el mateix sabor quan enfornem alguna cosa que quan es fa a la brasa.<\/p>\n<p>Al Cal Manelet preparem els cargols a la llauna de la manera m\u00e9s aut\u00e8ntica a la brasa d&#8217;un foc de llenya per donar el sabor inimitable de la cuina a la brasa. Els millors cargols de proximitat arriben al nostre restaurant de Canyelles per crear un plat sabor\u00f3s que servim amb d\u00e8cades d&#8217;experi\u00e8ncia per aconseguir preparar-lo a la perfecci\u00f3 una vegada i una altra.<\/p>\n<p>[\/et_pb_text][\/et_pb_column][\/et_pb_row][et_pb_row column_structure=&#8221;1_2,1_2&#8243; _builder_version=&#8221;4.17.4&#8243; _module_preset=&#8221;default&#8221; width=&#8221;90%&#8221; max_width=&#8221;1400px&#8221; module_alignment=&#8221;center&#8221; global_colors_info=&#8221;{}&#8221;][et_pb_column type=&#8221;1_2&#8243; _builder_version=&#8221;4.16&#8243; _module_preset=&#8221;default&#8221; global_colors_info=&#8221;{}&#8221;][et_pb_text _builder_version=&#8221;4.17.4&#8243; _module_preset=&#8221;default&#8221; text_font_size=&#8221;16px&#8221; global_colors_info=&#8221;{}&#8221;]<\/p>\n<h2><strong>Troba el millor del menjar tradicional a Cal Manelet<\/strong><\/h2>\n<p>La cuina de Cal Manelet no es limita als millors cargols, sin\u00f3 que fent bon \u00fas de les receptes de <strong><a href=\"https:\/\/calmanelet.es\/cuina-tradicional-catalana-canyelles\/\">cuina tradicional catalana<\/a><\/strong> casolana i els productes de temporada (cal\u00e7ots, bolets, carxofes, etc.), la carta de Cal Manelet ofereix varietat de plats de peix i carn, elaborats a la brasa, al forn ia la llosa.<\/p>\n<p>Trobar\u00e0s a la nostra carta esquena de xai al forn, xat\u00f3, Bull de tonyna, arrossos i paelles fetes sobre la brasa i men\u00fas del dia que ofereixen molt bona relaci\u00f3 qualitat preu.<\/p>\n<p>[\/et_pb_text][et_pb_cta title=&#8221;Vols tastar els aut\u00e8ntics Cargols a la llauna a Vilanova i la Geltr\u00fa?&#8221; button_url=&#8221;tel:+34699544424&#8243; button_text=&#8221;\u00a1Truca&#8217;ns!&#8221; _builder_version=&#8221;4.17.4&#8243; _module_preset=&#8221;default&#8221; body_font_size=&#8221;15px&#8221; background_color=&#8221;#000000&#8243; locked=&#8221;off&#8221; global_colors_info=&#8221;{}&#8221;]<\/p>\n<p>Estarem encantats d&#8217;atendre&#8217;t i oferir-te el millor de la gastronomia catalana, <strong><a href=\"https:\/\/calmanelet.es\/carns-brasa-vilanova-geltru\/\">carns a la brasa<\/a><\/strong>, cal\u00e7otades i tamb\u00e9 tenim men\u00fas diaris<\/p>\n<p>[\/et_pb_cta][\/et_pb_column][et_pb_column type=&#8221;1_2&#8243; _builder_version=&#8221;4.16&#8243; _module_preset=&#8221;default&#8221; global_colors_info=&#8221;{}&#8221;][et_pb_image src=&#8221;https:\/\/calmanelet.es\/wp-content\/uploads\/2021\/02\/caracoles-a-la-llauna.jpg&#8221; alt=&#8221;Cargols a la llauna Vilanova i la Geltr\u00fa&#8221; title_text=&#8221;Cargols a la llauna Vilanova i la Geltr\u00fa&#8221; align=&#8221;center&#8221; force_fullwidth=&#8221;on&#8221; _builder_version=&#8221;4.17.4&#8243; _module_preset=&#8221;default&#8221; global_colors_info=&#8221;{}&#8221;][\/et_pb_image][\/et_pb_column][\/et_pb_row][et_pb_row _builder_version=&#8221;4.16&#8243; _module_preset=&#8221;default&#8221; width=&#8221;90%&#8221; max_width=&#8221;1400px&#8221; module_alignment=&#8221;center&#8221; locked=&#8221;off&#8221; global_colors_info=&#8221;{}&#8221;][et_pb_column type=&#8221;4_4&#8243; _builder_version=&#8221;4.16&#8243; _module_preset=&#8221;default&#8221; global_colors_info=&#8221;{}&#8221;][et_pb_text _builder_version=&#8221;4.17.4&#8243; _module_preset=&#8221;default&#8221; text_font_size=&#8221;16px&#8221; hover_enabled=&#8221;0&#8243; global_colors_info=&#8221;{}&#8221; locked=&#8221;off&#8221; sticky_enabled=&#8221;0&#8243;]<\/p>\n<h2><strong>Vine al nostre restaurant a provar el millor cargols a la llauna<\/strong><\/h2>\n<p>Et convidem al nostre encantador restaurant per tastar els millors cargols a la llauna que mai hagis tastat! Al nostre men\u00fa, trobar\u00e0s aquesta exquisida especialitat catalana, preparada amb cura i amor per la nostra talentosa cuina. Els nostres cargols a la llauna s\u00f3n cuinats amb una recepta tradicional que en real\u00e7a el sabor \u00fanic i els fa irresistiblement deliciosos.<\/p>\n<p>Cada mos et transportar\u00e0 a l&#8217;aut\u00e8ntica ess\u00e8ncia de la cuina catalana, amb herbes i esp\u00e8cies que desperten els sentits i et fan assaborir la riquesa de la terra. Acompanyats d&#8217;una copa de vi local, us assegurem una experi\u00e8ncia gastron\u00f2mica inoblidable que us deixar\u00e0 amb ganes de tornar.<\/p>\n<p>El nostre restaurant compta amb un ambient acollidor i un equip amable i atent que s&#8217;encarregar\u00e0 d&#8217;oferir-vos una experi\u00e8ncia culin\u00e0ria plaent i memorable. Vine amb els teus amics, familiars o parella, i gaudeix d&#8217;una vetllada \u00fanica al nostre establiment.<\/p>\n<p>Reserva ara i deixa&#8217;ns consentir-te amb els millors cargols a la llauna al nostre restaurant. T&#8217;esperem amb els bra\u00e7os oberts per compartir aquest exquisit plat catal\u00e0 amb tu!<\/p>\n<p>[\/et_pb_text][\/et_pb_column][\/et_pb_row][et_pb_row column_structure=&#8221;1_2,1_2&#8243; _builder_version=&#8221;4.16&#8243; _module_preset=&#8221;default&#8221; width=&#8221;90%&#8221; max_width=&#8221;1400px&#8221; module_alignment=&#8221;center&#8221; locked=&#8221;off&#8221; global_colors_info=&#8221;{}&#8221;][et_pb_column type=&#8221;1_2&#8243; _builder_version=&#8221;4.16&#8243; _module_preset=&#8221;default&#8221; global_colors_info=&#8221;{}&#8221;][et_pb_image src=&#8221;https:\/\/calmanelet.es\/wp-content\/uploads\/2023\/03\/cargols-llauna.jpg&#8221; alt=&#8221;Cargols a la llauna Vilanova i la Geltr\u00fa&#8221; title_text=&#8221;Cargols a la llauna Vilanova i la Geltr\u00fa&#8221; align=&#8221;center&#8221; force_fullwidth=&#8221;on&#8221; _builder_version=&#8221;4.17.4&#8243; _module_preset=&#8221;default&#8221; global_colors_info=&#8221;{}&#8221;][\/et_pb_image][\/et_pb_column][et_pb_column type=&#8221;1_2&#8243; _builder_version=&#8221;4.16&#8243; _module_preset=&#8221;default&#8221; global_colors_info=&#8221;{}&#8221;][et_pb_image src=&#8221;https:\/\/calmanelet.es\/wp-content\/uploads\/2023\/03\/caracoles-llauna.jpg&#8221; alt=&#8221;Cargols a la llauna Vilanova i la Geltr\u00fa&#8221; title_text=&#8221;Cargols a la llauna Vilanova i la Geltr\u00fa&#8221; _builder_version=&#8221;4.17.4&#8243; _module_preset=&#8221;default&#8221; global_colors_info=&#8221;{}&#8221;][\/et_pb_image][\/et_pb_column][\/et_pb_row][et_pb_row _builder_version=&#8221;4.17.4&#8243; _module_preset=&#8221;default&#8221; max_width=&#8221;70%&#8221; global_colors_info=&#8221;{}&#8221;][et_pb_column type=&#8221;4_4&#8243; _builder_version=&#8221;4.17.4&#8243; _module_preset=&#8221;default&#8221; global_colors_info=&#8221;{}&#8221;][et_pb_blog fullwidth=&#8221;off&#8221; posts_number=&#8221;3&#8243; _builder_version=&#8221;4.17.4&#8243; _module_preset=&#8221;default&#8221; global_colors_info=&#8221;{}&#8221;][\/et_pb_blog][\/et_pb_column][\/et_pb_row][\/et_pb_section]<\/p>","protected":false},"excerpt":{"rendered":"<p>Cargols a la llauna Vilanova i la Geltr\u00fa Si busques el lloc on menjar els millors cargols a la llauna a Vilanova i la Geltr\u00fa visita el Restaurant Cal Manelet &nbsp;Els millors cargols a la llauna de Vilanova i la Geltr\u00fa Els cargols, en catal\u00e0 cargols, s\u00f3n un dels plats t\u00edpics de la cuina catalana, [&hellip;]<\/p>","protected":false},"author":6,"featured_media":400,"parent":0,"menu_order":0,"comment_status":"closed","ping_status":"closed","template":"","meta":{"_et_pb_use_builder":"on","_et_pb_old_content":"","_et_gb_content_width":"","footnotes":""},"class_list":["post-1290","page","type-page","status-publish","has-post-thumbnail","hentry"],"yoast_head":"<!-- This site is optimized with the Yoast SEO plugin v27.0 - https:\/\/yoast.com\/product\/yoast-seo-wordpress\/ -->\n<title>Platos de pescado en canyelles - Cal Manelet Restaurant<\/title>\n<meta name=\"description\" content=\"Cargols a la llauna a Vilanova i la Geltr\u00fa Si no saps on menjar els millors cargols a la llauna visita Cal Manelet. T&#039;esperem!\" \/>\n<meta name=\"robots\" content=\"index, follow, max-snippet:-1, max-image-preview:large, max-video-preview:-1\" \/>\n<link rel=\"canonical\" href=\"https:\/\/calmanelet.es\/es\/platos-de-pescado-en-canyelles\/\" \/>\n<meta property=\"og:locale\" content=\"es_ES\" \/>\n<meta property=\"og:type\" content=\"article\" \/>\n<meta property=\"og:title\" content=\"Platos de pescado en canyelles - Cal Manelet Restaurant\" \/>\n<meta property=\"og:description\" content=\"Cargols a la llauna a Vilanova i la Geltr\u00fa Si no saps on menjar els millors cargols a la llauna visita Cal Manelet. T&#039;esperem!\" \/>\n<meta property=\"og:url\" content=\"https:\/\/calmanelet.es\/es\/platos-de-pescado-en-canyelles\/\" \/>\n<meta property=\"og:site_name\" content=\"Cal Manelet Restaurant\" \/>\n<meta property=\"og:image\" content=\"https:\/\/calmanelet.es\/wp-content\/uploads\/2021\/02\/caracoles-a-la-llauna.jpg\" \/>\n\t<meta property=\"og:image:width\" content=\"1440\" \/>\n\t<meta property=\"og:image:height\" content=\"1080\" \/>\n\t<meta property=\"og:image:type\" content=\"image\/jpeg\" \/>\n<meta name=\"twitter:card\" content=\"summary_large_image\" \/>\n<meta name=\"twitter:label1\" content=\"Tiempo de lectura\" \/>\n\t<meta name=\"twitter:data1\" content=\"3 minutos\" \/>\n<script type=\"application\/ld+json\" class=\"yoast-schema-graph\">{\"@context\":\"https:\/\/schema.org\",\"@graph\":[{\"@type\":\"WebPage\",\"@id\":\"https:\/\/calmanelet.es\/platos-de-pescado-en-canyelles\/\",\"url\":\"https:\/\/calmanelet.es\/platos-de-pescado-en-canyelles\/\",\"name\":\"Platos de pescado en canyelles - Cal Manelet Restaurant\",\"isPartOf\":{\"@id\":\"https:\/\/calmanelet.es\/#website\"},\"primaryImageOfPage\":{\"@id\":\"https:\/\/calmanelet.es\/platos-de-pescado-en-canyelles\/#primaryimage\"},\"image\":{\"@id\":\"https:\/\/calmanelet.es\/platos-de-pescado-en-canyelles\/#primaryimage\"},\"thumbnailUrl\":\"https:\/\/calmanelet.es\/wp-content\/uploads\/2021\/02\/caracoles-a-la-llauna.jpg\",\"datePublished\":\"2026-04-09T07:21:08+00:00\",\"description\":\"Cargols a la llauna a Vilanova i la Geltr\u00fa Si no saps on menjar els millors cargols a la llauna visita Cal Manelet. T'esperem!\",\"breadcrumb\":{\"@id\":\"https:\/\/calmanelet.es\/platos-de-pescado-en-canyelles\/#breadcrumb\"},\"inLanguage\":\"es\",\"potentialAction\":[{\"@type\":\"ReadAction\",\"target\":[\"https:\/\/calmanelet.es\/platos-de-pescado-en-canyelles\/\"]}]},{\"@type\":\"ImageObject\",\"inLanguage\":\"es\",\"@id\":\"https:\/\/calmanelet.es\/platos-de-pescado-en-canyelles\/#primaryimage\",\"url\":\"https:\/\/calmanelet.es\/wp-content\/uploads\/2021\/02\/caracoles-a-la-llauna.jpg\",\"contentUrl\":\"https:\/\/calmanelet.es\/wp-content\/uploads\/2021\/02\/caracoles-a-la-llauna.jpg\",\"width\":1440,\"height\":1080,\"caption\":\"caracoles a la llauna en Vilanova i la geltr\u00fa Canyelles\"},{\"@type\":\"BreadcrumbList\",\"@id\":\"https:\/\/calmanelet.es\/platos-de-pescado-en-canyelles\/#breadcrumb\",\"itemListElement\":[{\"@type\":\"ListItem\",\"position\":1,\"name\":\"Portada\",\"item\":\"https:\/\/calmanelet.es\/\"},{\"@type\":\"ListItem\",\"position\":2,\"name\":\"Platos de pescado en canyelles\"}]},{\"@type\":\"WebSite\",\"@id\":\"https:\/\/calmanelet.es\/#website\",\"url\":\"https:\/\/calmanelet.es\/\",\"name\":\"Cal Manelet Restaurant\",\"description\":\"Restaurant a Canyelles\",\"potentialAction\":[{\"@type\":\"SearchAction\",\"target\":{\"@type\":\"EntryPoint\",\"urlTemplate\":\"https:\/\/calmanelet.es\/?s={search_term_string}\"},\"query-input\":{\"@type\":\"PropertyValueSpecification\",\"valueRequired\":true,\"valueName\":\"search_term_string\"}}],\"inLanguage\":\"es\"}]}<\/script>\n<!-- \/ Yoast SEO plugin. -->","yoast_head_json":{"title":"Platos de pescado en canyelles - Cal Manelet Restaurant","description":"Cargols a la llauna a Vilanova i la Geltr\u00fa Si no saps on menjar els millors cargols a la llauna visita Cal Manelet. T'esperem!","robots":{"index":"index","follow":"follow","max-snippet":"max-snippet:-1","max-image-preview":"max-image-preview:large","max-video-preview":"max-video-preview:-1"},"canonical":"https:\/\/calmanelet.es\/es\/platos-de-pescado-en-canyelles\/","og_locale":"es_ES","og_type":"article","og_title":"Platos de pescado en canyelles - Cal Manelet Restaurant","og_description":"Cargols a la llauna a Vilanova i la Geltr\u00fa Si no saps on menjar els millors cargols a la llauna visita Cal Manelet. T'esperem!","og_url":"https:\/\/calmanelet.es\/es\/platos-de-pescado-en-canyelles\/","og_site_name":"Cal Manelet Restaurant","og_image":[{"width":1440,"height":1080,"url":"https:\/\/calmanelet.es\/wp-content\/uploads\/2021\/02\/caracoles-a-la-llauna.jpg","type":"image\/jpeg"}],"twitter_card":"summary_large_image","twitter_misc":{"Tiempo de lectura":"3 minutos"},"schema":{"@context":"https:\/\/schema.org","@graph":[{"@type":"WebPage","@id":"https:\/\/calmanelet.es\/platos-de-pescado-en-canyelles\/","url":"https:\/\/calmanelet.es\/platos-de-pescado-en-canyelles\/","name":"Platos de pescado en canyelles - Cal Manelet Restaurant","isPartOf":{"@id":"https:\/\/calmanelet.es\/#website"},"primaryImageOfPage":{"@id":"https:\/\/calmanelet.es\/platos-de-pescado-en-canyelles\/#primaryimage"},"image":{"@id":"https:\/\/calmanelet.es\/platos-de-pescado-en-canyelles\/#primaryimage"},"thumbnailUrl":"https:\/\/calmanelet.es\/wp-content\/uploads\/2021\/02\/caracoles-a-la-llauna.jpg","datePublished":"2026-04-09T07:21:08+00:00","description":"Cargols a la llauna a Vilanova i la Geltr\u00fa Si no saps on menjar els millors cargols a la llauna visita Cal Manelet. T'esperem!","breadcrumb":{"@id":"https:\/\/calmanelet.es\/platos-de-pescado-en-canyelles\/#breadcrumb"},"inLanguage":"es","potentialAction":[{"@type":"ReadAction","target":["https:\/\/calmanelet.es\/platos-de-pescado-en-canyelles\/"]}]},{"@type":"ImageObject","inLanguage":"es","@id":"https:\/\/calmanelet.es\/platos-de-pescado-en-canyelles\/#primaryimage","url":"https:\/\/calmanelet.es\/wp-content\/uploads\/2021\/02\/caracoles-a-la-llauna.jpg","contentUrl":"https:\/\/calmanelet.es\/wp-content\/uploads\/2021\/02\/caracoles-a-la-llauna.jpg","width":1440,"height":1080,"caption":"caracoles a la llauna en Vilanova i la geltr\u00fa Canyelles"},{"@type":"BreadcrumbList","@id":"https:\/\/calmanelet.es\/platos-de-pescado-en-canyelles\/#breadcrumb","itemListElement":[{"@type":"ListItem","position":1,"name":"Portada","item":"https:\/\/calmanelet.es\/"},{"@type":"ListItem","position":2,"name":"Platos de pescado en canyelles"}]},{"@type":"WebSite","@id":"https:\/\/calmanelet.es\/#website","url":"https:\/\/calmanelet.es\/","name":"Cal Manelet Restaurant","description":"Restaurante en Canyelles","potentialAction":[{"@type":"SearchAction","target":{"@type":"EntryPoint","urlTemplate":"https:\/\/calmanelet.es\/?s={search_term_string}"},"query-input":{"@type":"PropertyValueSpecification","valueRequired":true,"valueName":"search_term_string"}}],"inLanguage":"es"}]}},"_links":{"self":[{"href":"https:\/\/calmanelet.es\/es\/wp-json\/wp\/v2\/pages\/1290","targetHints":{"allow":["GET"]}}],"collection":[{"href":"https:\/\/calmanelet.es\/es\/wp-json\/wp\/v2\/pages"}],"about":[{"href":"https:\/\/calmanelet.es\/es\/wp-json\/wp\/v2\/types\/page"}],"author":[{"embeddable":true,"href":"https:\/\/calmanelet.es\/es\/wp-json\/wp\/v2\/users\/6"}],"replies":[{"embeddable":true,"href":"https:\/\/calmanelet.es\/es\/wp-json\/wp\/v2\/comments?post=1290"}],"version-history":[{"count":1,"href":"https:\/\/calmanelet.es\/es\/wp-json\/wp\/v2\/pages\/1290\/revisions"}],"predecessor-version":[{"id":1298,"href":"https:\/\/calmanelet.es\/es\/wp-json\/wp\/v2\/pages\/1290\/revisions\/1298"}],"wp:featuredmedia":[{"embeddable":true,"href":"https:\/\/calmanelet.es\/es\/wp-json\/wp\/v2\/media\/400"}],"wp:attachment":[{"href":"https:\/\/calmanelet.es\/es\/wp-json\/wp\/v2\/media?parent=1290"}],"curies":[{"name":"wp","href":"https:\/\/api.w.org\/{rel}","templated":true}]}}